{"id":1296,"date":"2024-03-18T16:40:40","date_gmt":"2024-03-18T16:40:40","guid":{"rendered":"https:\/\/ceramicasfabris.com\/?post_type=product&#038;p=1296"},"modified":"2024-05-16T18:35:28","modified_gmt":"2024-05-16T18:35:28","slug":"wp-gh-199","status":"publish","type":"product","link":"https:\/\/ceramicasfabris.com\/index.php\/product\/wp-gh-199\/","title":{"rendered":"WP GH-199"},"content":{"rendered":"\n<p><strong>Nombre:<\/strong> WP GH-199<br><strong>Espesor:<\/strong> 20 mm<br><strong>Peso de Caja:<\/strong> 25Kg. <br><strong>Tama\u00f1o:<\/strong> 160 x 2900 mm<br><strong>Cantidad Listones: <\/strong>10 Piezas por Caja<\/p>\n\n\n\n<p><strong><em>CARACTER\u00cdSTICAS<\/em><\/strong><br>&#8211; Resistente al Fuego<br>&#8211; Antipolilla<br>&#8211; Resistente al Agua<br>&#8211; Ecoamigable<br>&#8211; F\u00e1cil Limpieza<br>&#8211; F\u00e1cil Instalaci\u00f3n<br>&#8211; Resistente a las rayaduras<\/p>\n","protected":false},"excerpt":{"rendered":"<p><font style=\"vertical-align: inherit\"><font style=\"vertical-align: inherit\">Material eco-amigable para renovar tus ambientes con una instalaci\u00f3n f\u00e1cil y sencilla, resistente a las manchas y libre de insectos<\/font><\/font>.<\/p>\n","protected":false},"featured_media":1297,"comment_status":"open","ping_status":"closed","template":"","meta":{"_eb_attr":""},"product_cat":[96,15],"product_tag":[],"class_list":{"0":"post-1296","1":"product","2":"type-product","3":"status-publish","4":"has-post-thumbnail","6":"product_cat-wall-panel","7":"product_cat-uncategorized","9":"first","10":"instock","11":"shipping-taxable","12":"purchasable","13":"product-type-simple"},"_links":{"self":[{"href":"https:\/\/ceramicasfabris.com\/index.php\/wp-json\/wp\/v2\/product\/1296","targetHints":{"allow":["GET"]}}],"collection":[{"href":"https:\/\/ceramicasfabris.com\/index.php\/wp-json\/wp\/v2\/product"}],"about":[{"href":"https:\/\/ceramicasfabris.com\/index.php\/wp-json\/wp\/v2\/types\/product"}],"replies":[{"embeddable":true,"href":"https:\/\/ceramicasfabris.com\/index.php\/wp-json\/wp\/v2\/comments?post=1296"}],"wp:featuredmedia":[{"embeddable":true,"href":"https:\/\/ceramicasfabris.com\/index.php\/wp-json\/wp\/v2\/media\/1297"}],"wp:attachment":[{"href":"https:\/\/ceramicasfabris.com\/index.php\/wp-json\/wp\/v2\/media?parent=1296"}],"wp:term":[{"taxonomy":"product_cat","embeddable":true,"href":"https:\/\/ceramicasfabris.com\/index.php\/wp-json\/wp\/v2\/product_cat?post=1296"},{"taxonomy":"product_tag","embeddable":true,"href":"https:\/\/ceramicasfabris.com\/index.php\/wp-json\/wp\/v2\/product_tag?post=1296"}],"curies":[{"name":"wp","href":"https:\/\/api.w.org\/{rel}","templated":true}]}}