{"id":1353,"date":"2024-03-18T19:59:20","date_gmt":"2024-03-18T19:59:20","guid":{"rendered":"https:\/\/ceramicasfabris.com\/?post_type=product&#038;p=1353"},"modified":"2024-04-12T21:49:53","modified_gmt":"2024-04-12T21:49:53","slug":"piso-spc-toronto","status":"publish","type":"product","link":"https:\/\/ceramicasfabris.com\/index.php\/product\/piso-spc-toronto\/","title":{"rendered":"PISO SPC &#8211; TORONTO"},"content":{"rendered":"\n<p><strong>Nombre:<\/strong> Piso SPC &#8211; Toronto<br><strong>Espesor:<\/strong> 4.5 mm<br><strong>IXPE<\/strong>: 1 mm<br><strong>Presentaci\u00f3n:<\/strong> 2.23 m2 por caja. <br><strong>Tama\u00f1o:<\/strong> 183 x 1220 mm<br><strong>Cantidad Listones: <\/strong>10 Piezas por Caja<br><strong>Peso de Caja<\/strong>: 21 kg.<\/p>\n\n\n\n<p><strong><em>CARACTER\u00cdSTICAS<\/em><\/strong><br>&#8211; Resistente al Fuego<br>&#8211; Resistencia a Termitas<br>&#8211; 100 % Impermeable<br>&#8211; Ecoamigable<br>&#8211; Alta Resistencia<br>&#8211; F\u00e1cil Instalaci\u00f3n<br>&#8211; Sistema Click<br>&#8211; Bajo Mantenimiento<\/p>\n","protected":false},"excerpt":{"rendered":"<p>Con la tecnolog\u00eda de  los pisos SPC sistema click, podr\u00e1s crear un ambiente elegante y duradero<br \/>a donde vayas. Por su f\u00e1cil instalaci\u00f3n, su alta resistencia y su textura, obtendr\u00e1s una experiencia completamente distinta y sin temor de mayor gasto econ\u00f3mico.<\/p>\n","protected":false},"featured_media":1632,"comment_status":"open","ping_status":"closed","template":"","meta":{"_eb_attr":""},"product_cat":[46],"product_tag":[],"class_list":{"0":"post-1353","1":"product","2":"type-product","3":"status-publish","4":"has-post-thumbnail","6":"product_cat-pisos-spc","8":"first","9":"instock","10":"shipping-taxable","11":"purchasable","12":"product-type-simple"},"_links":{"self":[{"href":"https:\/\/ceramicasfabris.com\/index.php\/wp-json\/wp\/v2\/product\/1353","targetHints":{"allow":["GET"]}}],"collection":[{"href":"https:\/\/ceramicasfabris.com\/index.php\/wp-json\/wp\/v2\/product"}],"about":[{"href":"https:\/\/ceramicasfabris.com\/index.php\/wp-json\/wp\/v2\/types\/product"}],"replies":[{"embeddable":true,"href":"https:\/\/ceramicasfabris.com\/index.php\/wp-json\/wp\/v2\/comments?post=1353"}],"wp:featuredmedia":[{"embeddable":true,"href":"https:\/\/ceramicasfabris.com\/index.php\/wp-json\/wp\/v2\/media\/1632"}],"wp:attachment":[{"href":"https:\/\/ceramicasfabris.com\/index.php\/wp-json\/wp\/v2\/media?parent=1353"}],"wp:term":[{"taxonomy":"product_cat","embeddable":true,"href":"https:\/\/ceramicasfabris.com\/index.php\/wp-json\/wp\/v2\/product_cat?post=1353"},{"taxonomy":"product_tag","embeddable":true,"href":"https:\/\/ceramicasfabris.com\/index.php\/wp-json\/wp\/v2\/product_tag?post=1353"}],"curies":[{"name":"wp","href":"https:\/\/api.w.org\/{rel}","templated":true}]}}